{"id":798,"date":"2020-12-09T16:10:36","date_gmt":"2020-12-09T15:10:36","guid":{"rendered":"http:\/\/web.w664-rex-club-porta.de\/wordpress\/?page_id=798"},"modified":"2020-12-09T17:21:24","modified_gmt":"2020-12-09T16:21:24","slug":"weiss-rexe-ra","status":"publish","type":"page","link":"http:\/\/web.w664-rex-club-porta.de\/wordpress\/weiss-rexe-ra\/","title":{"rendered":"Wei\u00df-Rexe rA"},"content":{"rendered":"\n<p>Wei\u00df-Rexe verf\u00fcgen \u00fcber ein bl\u00fctenwei\u00dfes Fellhaar. Wei\u00df-Rexe gibt es neben den rot\u00e4ugigen Vertretern auch mit blauen Augen.<\/p>\n\n\n\n<div class=\"wp-block-group\"><div class=\"wp-block-group__inner-container is-layout-flow wp-block-group-is-layout-flow\">\n<div class=\"wp-block-buttons is-layout-flex wp-block-buttons-is-layout-flex\">\n<div class=\"wp-block-button\"><a class=\"wp-block-button__link has-gtb-color-7-color has-text-color has-background\" href=\"http:\/\/www.kaninchenrassen.info\/kaninchen\/kurzhaarrassen\/weiss-rexe\/weiss-rexe-rotauge.php\" style=\"border-radius:7px;background-color:#941010\" target=\"_blank\" rel=\"noreferrer noopener\">Rassebeschreibung<\/a><\/div>\n<\/div>\n<\/div><\/div>\n\n\n\n<h3 class=\"wp-block-heading\"><br>Z\u00fcchter in unserem Club<\/h3>\n\n\n\n<figure class=\"wp-block-table\"><table><tbody><tr><td><strong>Nachname<\/strong><\/td><td><strong>Vorname<\/strong><\/td><td><strong>PLZ<\/strong><\/td><td><strong>Wohnort<\/strong><\/td><td><strong>Telefon<\/strong><\/td><\/tr><tr><td>Brameier<\/td><td>Siegfried<\/td><td>33775<\/td><td>Versmold<\/td><td>05423-8631<\/td><\/tr><tr><td>Pade<\/td><td>Brigitte<\/td><td>33659<\/td><td>Bielefeld<\/td><td>05209 &#8211; 2559<\/td><\/tr><\/tbody><\/table><figcaption><br><\/figcaption><\/figure>\n\n\n\n<p><\/p>\n","protected":false},"excerpt":{"rendered":"<p>Wei\u00df-Rexe verf\u00fcgen \u00fcber ein bl\u00fctenwei\u00dfes Fellhaar. Wei\u00df-Rexe gibt es neben den rot\u00e4ugigen Vertretern auch mit blauen Augen. Z\u00fcchter in unserem Club Nachname Vorname PLZ Wohnort Telefon Brameier Siegfried 33775 Versmold 05423-8631 Pade Brigitte 33659 Bielefeld 05209 &#8211; 2559<\/p>\n","protected":false},"author":1,"featured_media":0,"parent":0,"menu_order":0,"comment_status":"closed","ping_status":"closed","template":"","meta":{"gtb_hide_title":false,"gtb_wrap_title":false,"gtb_class_title":"","gtb_remove_headerfooter":false,"footnotes":""},"_links":{"self":[{"href":"http:\/\/web.w664-rex-club-porta.de\/wordpress\/wp-json\/wp\/v2\/pages\/798"}],"collection":[{"href":"http:\/\/web.w664-rex-club-porta.de\/wordpress\/wp-json\/wp\/v2\/pages"}],"about":[{"href":"http:\/\/web.w664-rex-club-porta.de\/wordpress\/wp-json\/wp\/v2\/types\/page"}],"author":[{"embeddable":true,"href":"http:\/\/web.w664-rex-club-porta.de\/wordpress\/wp-json\/wp\/v2\/users\/1"}],"replies":[{"embeddable":true,"href":"http:\/\/web.w664-rex-club-porta.de\/wordpress\/wp-json\/wp\/v2\/comments?post=798"}],"version-history":[{"count":6,"href":"http:\/\/web.w664-rex-club-porta.de\/wordpress\/wp-json\/wp\/v2\/pages\/798\/revisions"}],"predecessor-version":[{"id":809,"href":"http:\/\/web.w664-rex-club-porta.de\/wordpress\/wp-json\/wp\/v2\/pages\/798\/revisions\/809"}],"wp:attachment":[{"href":"http:\/\/web.w664-rex-club-porta.de\/wordpress\/wp-json\/wp\/v2\/media?parent=798"}],"curies":[{"name":"wp","href":"https:\/\/api.w.org\/{rel}","templated":true}]}}