{"id":783,"date":"2020-12-09T15:51:48","date_gmt":"2020-12-09T14:51:48","guid":{"rendered":"http:\/\/web.w664-rex-club-porta.de\/wordpress\/?page_id=783"},"modified":"2021-12-30T22:47:51","modified_gmt":"2021-12-30T21:47:51","slug":"thueringer-rexe","status":"publish","type":"page","link":"http:\/\/web.w664-rex-club-porta.de\/wordpress\/thueringer-rexe\/","title":{"rendered":"Th\u00fcringer-Rexe"},"content":{"rendered":"\n<p>Die Fellfarbe der Th\u00fcringer-Rexe ist der eines Th\u00fcringer-Kaninchens nachempfunden. <\/p>\n\n\n\n<p><\/p>\n\n\n\n<div class=\"wp-block-buttons is-layout-flex wp-block-buttons-is-layout-flex\">\n<div class=\"wp-block-button\"><a class=\"wp-block-button__link has-text-color has-background\" href=\"http:\/\/www.kaninchenrassen.info\/kaninchen\/kurzhaarrassen\/neuzuechtungen\/thueringer-rexe.php\" style=\"border-radius:4px;background-color:#941010;color:#ffffff\" target=\"_blank\" rel=\"noopener noreferrer\">Rassebeschreibung<\/a><\/div>\n<\/div>\n\n\n\n<h3 class=\"wp-block-heading\"><br>Z\u00fcchter in unserem Club<\/h3>\n\n\n\n<figure class=\"wp-block-table is-style-regular\"><table><tbody><tr><td><strong>Nachname<\/strong><\/td><td><strong>Vorname<\/strong><\/td><td><strong>PLZ<\/strong><\/td><td><strong>Wohnort<\/strong><\/td><td><strong>Telefon<\/strong><\/td><\/tr><tr><td><br>Br\u00fcning<br><\/td><td>Manfred<\/td><td>33649<\/td><td>Bielefeld<\/td><td>01515 &#8211; 49 46 183<\/td><\/tr><tr><td><br>Schmidt<br><\/td><td>Wolfgang<\/td><td>32339<\/td><td>Espelkamp<\/td><td>0176 &#8211; 410 70 422<\/td><\/tr><tr><td><br>Tiedemann<br><\/td><td>Torsten<\/td><td>33619<\/td><td>Bielefeld<\/td><td>01577 &#8211; 343 96 62<\/td><\/tr><tr><td><br>Westphal<br><\/td><td>Heinrich-Phillip<\/td><td>33442<\/td><td>Herzebrock<\/td><td>0160-6424154<\/td><\/tr><\/tbody><\/table><\/figure>\n\n\n\n<p><\/p>\n","protected":false},"excerpt":{"rendered":"<p>Die Fellfarbe der Th\u00fcringer-Rexe ist der eines Th\u00fcringer-Kaninchens nachempfunden. Z\u00fcchter in unserem Club Nachname Vorname PLZ Wohnort Telefon Br\u00fcning Manfred 33649 Bielefeld 01515 &#8211; 49 46 183 Schmidt Wolfgang 32339 Espelkamp 0176 &#8211; 410 70 422 Tiedemann Torsten 33619 Bielefeld 01577 &#8211; 343 96 62 Westphal Heinrich-Phillip 33442 Herzebrock 0160-6424154<\/p>\n","protected":false},"author":1,"featured_media":0,"parent":0,"menu_order":0,"comment_status":"closed","ping_status":"closed","template":"","meta":{"gtb_hide_title":false,"gtb_wrap_title":false,"gtb_class_title":"","gtb_remove_headerfooter":false,"footnotes":""},"_links":{"self":[{"href":"http:\/\/web.w664-rex-club-porta.de\/wordpress\/wp-json\/wp\/v2\/pages\/783"}],"collection":[{"href":"http:\/\/web.w664-rex-club-porta.de\/wordpress\/wp-json\/wp\/v2\/pages"}],"about":[{"href":"http:\/\/web.w664-rex-club-porta.de\/wordpress\/wp-json\/wp\/v2\/types\/page"}],"author":[{"embeddable":true,"href":"http:\/\/web.w664-rex-club-porta.de\/wordpress\/wp-json\/wp\/v2\/users\/1"}],"replies":[{"embeddable":true,"href":"http:\/\/web.w664-rex-club-porta.de\/wordpress\/wp-json\/wp\/v2\/comments?post=783"}],"version-history":[{"count":11,"href":"http:\/\/web.w664-rex-club-porta.de\/wordpress\/wp-json\/wp\/v2\/pages\/783\/revisions"}],"predecessor-version":[{"id":901,"href":"http:\/\/web.w664-rex-club-porta.de\/wordpress\/wp-json\/wp\/v2\/pages\/783\/revisions\/901"}],"wp:attachment":[{"href":"http:\/\/web.w664-rex-club-porta.de\/wordpress\/wp-json\/wp\/v2\/media?parent=783"}],"curies":[{"name":"wp","href":"https:\/\/api.w.org\/{rel}","templated":true}]}}