{"id":762,"date":"2020-12-07T20:16:17","date_gmt":"2020-12-07T19:16:17","guid":{"rendered":"http:\/\/web.w664-rex-club-porta.de\/wordpress\/?page_id=762"},"modified":"2021-12-30T22:41:34","modified_gmt":"2021-12-30T21:41:34","slug":"rhoen-rexe","status":"publish","type":"page","link":"http:\/\/web.w664-rex-club-porta.de\/wordpress\/rhoen-rexe\/","title":{"rendered":"Rh\u00f6n-Rexe"},"content":{"rendered":"\n<p>Die Rh\u00f6n-Rexe besitzen ein Fellhaar mit der typischen Zeichnung der Rh\u00f6nkaninchen.<\/p>\n\n\n\n<div class=\"wp-block-group is-layout-flow wp-block-group-is-layout-flow\"><div class=\"wp-block-group__inner-container\">\n<div class=\"wp-block-buttons is-layout-flex wp-block-buttons-is-layout-flex\">\n<div class=\"wp-block-button\"><a class=\"wp-block-button__link has-gtb-color-7-color has-text-color has-background\" href=\"http:\/\/www.kaninchenrassen.info\/kaninchen\/kurzhaarrassen\/rhoen-rexe.php\" style=\"border-radius:7px;background-color:#941010\" target=\"_blank\" rel=\"http:\/\/www.kaninchenrassen.info\/kaninchen\/kurzhaarrassen\/dalmatiner-rexe\/dalmatiner-rexe-schwarz-weiss.php noopener noreferrer\">Rassebeschreibung<\/a><\/div>\n<\/div>\n<\/div><\/div>\n\n\n\n<h3 class=\"wp-block-heading\"><br>Z\u00fcchter in unserem Club<\/h3>\n\n\n\n<figure class=\"wp-block-table\"><table><tbody><tr><td><strong>Nachname<\/strong><\/td><td><strong>Vorname<\/strong><\/td><td><strong>PLZ<\/strong><\/td><td><strong>Wohnort<\/strong><\/td><td><strong>Telefon<\/strong><\/td><\/tr><tr><td>Gerker<\/td><td>Michael<\/td><td>49328<\/td><td>Melle<\/td><td>05427-1019<\/td><\/tr><\/tbody><\/table><figcaption><br><\/figcaption><\/figure>\n\n\n\n<p><\/p>\n","protected":false},"excerpt":{"rendered":"<p>Die Rh\u00f6n-Rexe besitzen ein Fellhaar mit der typischen Zeichnung der Rh\u00f6nkaninchen. Z\u00fcchter in unserem Club Nachname Vorname PLZ Wohnort Telefon Gerker Michael 49328 Melle 05427-1019<\/p>\n","protected":false},"author":1,"featured_media":0,"parent":0,"menu_order":0,"comment_status":"closed","ping_status":"closed","template":"","meta":{"gtb_hide_title":false,"gtb_wrap_title":false,"gtb_class_title":"","gtb_remove_headerfooter":false,"footnotes":""},"_links":{"self":[{"href":"http:\/\/web.w664-rex-club-porta.de\/wordpress\/wp-json\/wp\/v2\/pages\/762"}],"collection":[{"href":"http:\/\/web.w664-rex-club-porta.de\/wordpress\/wp-json\/wp\/v2\/pages"}],"about":[{"href":"http:\/\/web.w664-rex-club-porta.de\/wordpress\/wp-json\/wp\/v2\/types\/page"}],"author":[{"embeddable":true,"href":"http:\/\/web.w664-rex-club-porta.de\/wordpress\/wp-json\/wp\/v2\/users\/1"}],"replies":[{"embeddable":true,"href":"http:\/\/web.w664-rex-club-porta.de\/wordpress\/wp-json\/wp\/v2\/comments?post=762"}],"version-history":[{"count":6,"href":"http:\/\/web.w664-rex-club-porta.de\/wordpress\/wp-json\/wp\/v2\/pages\/762\/revisions"}],"predecessor-version":[{"id":896,"href":"http:\/\/web.w664-rex-club-porta.de\/wordpress\/wp-json\/wp\/v2\/pages\/762\/revisions\/896"}],"wp:attachment":[{"href":"http:\/\/web.w664-rex-club-porta.de\/wordpress\/wp-json\/wp\/v2\/media?parent=762"}],"curies":[{"name":"wp","href":"https:\/\/api.w.org\/{rel}","templated":true}]}}