{"id":723,"date":"2020-12-03T10:32:19","date_gmt":"2020-12-03T09:32:19","guid":{"rendered":"http:\/\/web.w664-rex-club-porta.de\/wordpress\/?page_id=723"},"modified":"2020-12-03T11:12:26","modified_gmt":"2020-12-03T10:12:26","slug":"klein-rexe-dalmatiner-dreifarbig","status":"publish","type":"page","link":"http:\/\/web.w664-rex-club-porta.de\/wordpress\/klein-rexe-dalmatiner-dreifarbig\/","title":{"rendered":"Klein-Rexe Dalmatiner dreifarbig"},"content":{"rendered":"\n<p>Dalmatiner-Rexe sind Rexe mit dem Fell der Punktschecken. Der Dalmatiner-Rex soll das Zeichnungsbild der Hunderasse Dalmatiner zeigen. Die punktuelle Scheckung sollte nach M\u00f6glichkeit mit mindestens 3 Punkten auf jeder K\u00f6rperseite vorhanden sein. <\/p>\n\n\n\n<div class=\"wp-block-buttons is-layout-flex wp-block-buttons-is-layout-flex\">\n<div class=\"wp-block-button\"><a class=\"wp-block-button__link has-text-color has-background\" href=\"http:\/\/www.kaninchenrassen.info\/kaninchen\/kurzhaarrassen\/klein-rexe\/klein-rexe-dalmatiner-dreifarbig.php\" style=\"border-radius:4px;background-color:#941010;color:#ffffff\" target=\"_blank\" rel=\"noopener noreferrer\">Rassebeschreibung<\/a><\/div>\n<\/div>\n\n\n\n<h3 class=\"wp-block-heading\"><br>Z\u00fcchter in unserem Club<\/h3>\n\n\n\n<figure class=\"wp-block-table\"><table><tbody><tr><td><strong>Nachname<\/strong><\/td><td><strong>Vorname<\/strong><\/td><td><strong>PLZ<\/strong><\/td><td><strong>Wohnort<\/strong><\/td><td><strong>Telefon<\/strong><\/td><\/tr><tr><td>Wiegand<\/td><td>Karl<\/td><td>31311<\/td><td>Uetze<\/td><td>05177-1428<\/td><\/tr><\/tbody><\/table><\/figure>\n\n\n\n<p><\/p>\n","protected":false},"excerpt":{"rendered":"<p>Dalmatiner-Rexe sind Rexe mit dem Fell der Punktschecken. Der Dalmatiner-Rex soll das Zeichnungsbild der Hunderasse Dalmatiner zeigen. Die punktuelle Scheckung sollte nach M\u00f6glichkeit mit mindestens 3 Punkten auf jeder K\u00f6rperseite vorhanden sein. Z\u00fcchter in unserem Club Nachname Vorname PLZ Wohnort Telefon Wiegand Karl 31311 Uetze 05177-1428<\/p>\n","protected":false},"author":1,"featured_media":0,"parent":0,"menu_order":0,"comment_status":"closed","ping_status":"closed","template":"","meta":{"gtb_hide_title":false,"gtb_wrap_title":false,"gtb_class_title":"","gtb_remove_headerfooter":false,"footnotes":""},"_links":{"self":[{"href":"http:\/\/web.w664-rex-club-porta.de\/wordpress\/wp-json\/wp\/v2\/pages\/723"}],"collection":[{"href":"http:\/\/web.w664-rex-club-porta.de\/wordpress\/wp-json\/wp\/v2\/pages"}],"about":[{"href":"http:\/\/web.w664-rex-club-porta.de\/wordpress\/wp-json\/wp\/v2\/types\/page"}],"author":[{"embeddable":true,"href":"http:\/\/web.w664-rex-club-porta.de\/wordpress\/wp-json\/wp\/v2\/users\/1"}],"replies":[{"embeddable":true,"href":"http:\/\/web.w664-rex-club-porta.de\/wordpress\/wp-json\/wp\/v2\/comments?post=723"}],"version-history":[{"count":3,"href":"http:\/\/web.w664-rex-club-porta.de\/wordpress\/wp-json\/wp\/v2\/pages\/723\/revisions"}],"predecessor-version":[{"id":727,"href":"http:\/\/web.w664-rex-club-porta.de\/wordpress\/wp-json\/wp\/v2\/pages\/723\/revisions\/727"}],"wp:attachment":[{"href":"http:\/\/web.w664-rex-club-porta.de\/wordpress\/wp-json\/wp\/v2\/media?parent=723"}],"curies":[{"name":"wp","href":"https:\/\/api.w.org\/{rel}","templated":true}]}}