{"id":698,"date":"2020-12-03T09:02:16","date_gmt":"2020-12-03T08:02:16","guid":{"rendered":"http:\/\/web.w664-rex-club-porta.de\/wordpress\/?page_id=698"},"modified":"2020-12-03T09:02:17","modified_gmt":"2020-12-03T08:02:17","slug":"havanna-rexe","status":"publish","type":"page","link":"http:\/\/web.w664-rex-club-porta.de\/wordpress\/havanna-rexe\/","title":{"rendered":"Havanna-Rexe"},"content":{"rendered":"\n<p>Havanna-Rexe bestechen mit Ihrer edlen Fellfarbe. Die intensive Havannaf\u00e4rbung besitzt einen unverkennbaren Glanz und Charakter. Leider ist dieser Farbenschlag nicht so h\u00e4ufig verbreitet und sucht noch versierte Mitstreiter.<\/p>\n\n\n\n<div class=\"wp-block-group\"><div class=\"wp-block-group__inner-container is-layout-flow wp-block-group-is-layout-flow\">\n<div class=\"wp-block-buttons is-layout-flex wp-block-buttons-is-layout-flex\">\n<div class=\"wp-block-button\"><a class=\"wp-block-button__link has-gtb-color-7-color has-text-color has-background\" href=\"http:\/\/www.kaninchenrassen.info\/kaninchen\/kurzhaarrassen\/havanna-rexe.php\" style=\"border-radius:7px;background-color:#941010\" target=\"_blank\" rel=\"noreferrer noopener\">Rassebeschreibung<\/a><\/div>\n<\/div>\n<\/div><\/div>\n\n\n\n<h3 class=\"wp-block-heading\"><br>Z\u00fcchter in unserem Club<\/h3>\n\n\n\n<figure class=\"wp-block-table\"><table><tbody><tr><td><strong>Nachname<\/strong><\/td><td><strong>Vorname<\/strong><\/td><td><strong>PLZ<\/strong><\/td><td><strong>Wohnort<\/strong><\/td><td><strong>Telefon<\/strong><\/td><\/tr><tr><td>Osbild<\/td><td>Fr\u00e9d\u00e9ric<\/td><td>F-57330<\/td><td>Hettange-Grande<\/td><td>0033-627672478<\/td><\/tr><\/tbody><\/table><figcaption><br><\/figcaption><\/figure>\n\n\n\n<p><\/p>\n","protected":false},"excerpt":{"rendered":"<p>Havanna-Rexe bestechen mit Ihrer edlen Fellfarbe. Die intensive Havannaf\u00e4rbung besitzt einen unverkennbaren Glanz und Charakter. Leider ist dieser Farbenschlag nicht so h\u00e4ufig verbreitet und sucht noch versierte Mitstreiter. Z\u00fcchter in unserem Club Nachname Vorname PLZ Wohnort Telefon Osbild Fr\u00e9d\u00e9ric F-57330 Hettange-Grande 0033-627672478<\/p>\n","protected":false},"author":1,"featured_media":0,"parent":0,"menu_order":0,"comment_status":"closed","ping_status":"closed","template":"","meta":{"gtb_hide_title":false,"gtb_wrap_title":false,"gtb_class_title":"","gtb_remove_headerfooter":false,"footnotes":""},"_links":{"self":[{"href":"http:\/\/web.w664-rex-club-porta.de\/wordpress\/wp-json\/wp\/v2\/pages\/698"}],"collection":[{"href":"http:\/\/web.w664-rex-club-porta.de\/wordpress\/wp-json\/wp\/v2\/pages"}],"about":[{"href":"http:\/\/web.w664-rex-club-porta.de\/wordpress\/wp-json\/wp\/v2\/types\/page"}],"author":[{"embeddable":true,"href":"http:\/\/web.w664-rex-club-porta.de\/wordpress\/wp-json\/wp\/v2\/users\/1"}],"replies":[{"embeddable":true,"href":"http:\/\/web.w664-rex-club-porta.de\/wordpress\/wp-json\/wp\/v2\/comments?post=698"}],"version-history":[{"count":2,"href":"http:\/\/web.w664-rex-club-porta.de\/wordpress\/wp-json\/wp\/v2\/pages\/698\/revisions"}],"predecessor-version":[{"id":700,"href":"http:\/\/web.w664-rex-club-porta.de\/wordpress\/wp-json\/wp\/v2\/pages\/698\/revisions\/700"}],"wp:attachment":[{"href":"http:\/\/web.w664-rex-club-porta.de\/wordpress\/wp-json\/wp\/v2\/media?parent=698"}],"curies":[{"name":"wp","href":"https:\/\/api.w.org\/{rel}","templated":true}]}}