{"id":682,"date":"2020-08-27T23:47:05","date_gmt":"2020-08-27T21:47:05","guid":{"rendered":"http:\/\/web.w664-rex-club-porta.de\/wordpress\/?page_id=682"},"modified":"2021-12-30T21:29:48","modified_gmt":"2021-12-30T20:29:48","slug":"dalmatiner-rex-schwarz-weiss","status":"publish","type":"page","link":"http:\/\/web.w664-rex-club-porta.de\/wordpress\/dalmatiner-rex-schwarz-weiss\/","title":{"rendered":"Dalmatiner-Rex schwarz-wei\u00df"},"content":{"rendered":"\n<p>Dalmatiner-Rexe sind Rexe mit dem Fell der Punktschecken. Der Dalmatiner-Rex soll das Zeichnungsbild der Hunderasse Dalmatiner zeigen. Die punktuelle Scheckung sollte nach M\u00f6glichkeit mit mindestens 3 Punkten auf jeder K\u00f6rperseite vorhanden sein.<\/p>\n\n\n\n<div class=\"wp-block-group is-layout-flow wp-block-group-is-layout-flow\"><div class=\"wp-block-group__inner-container\">\n<div class=\"wp-block-buttons is-layout-flex wp-block-buttons-is-layout-flex\">\n<div class=\"wp-block-button\"><a class=\"wp-block-button__link has-gtb-color-7-color has-text-color has-background\" href=\"http:\/\/www.kaninchenrassen.info\/kaninchen\/kurzhaarrassen\/dalmatiner-rexe\/dalmatiner-rexe-schwarz-weiss.php\" style=\"border-radius:7px;background-color:#941010\" target=\"_blank\" rel=\"http:\/\/www.kaninchenrassen.info\/kaninchen\/kurzhaarrassen\/dalmatiner-rexe\/dalmatiner-rexe-schwarz-weiss.php noopener noreferrer\">Rassebeschreibung<\/a><\/div>\n<\/div>\n<\/div><\/div>\n\n\n\n<h3 class=\"wp-block-heading\"><br>Z\u00fcchter in unserem Club<\/h3>\n\n\n\n<figure class=\"wp-block-table\"><table><tbody><tr><td><strong>Nachname<\/strong><\/td><td><strong>Vorname<\/strong><\/td><td><strong>PLZ<\/strong><\/td><td><strong>Wohnort<\/strong><\/td><td><strong>Telefon<\/strong><\/td><\/tr><tr><td>Fromberg<\/td><td>Harry<\/td><td>32657<\/td><td>Lemgo<\/td><td>05261-89066<\/td><\/tr><tr><td>Nickels<\/td><td>Thierry<\/td><td>L-4460<\/td><td>Soleuvre<\/td><td>00352-621 323 006<\/td><\/tr><tr><td>Pfeifer<\/td><td>Christian<\/td><td>58675<\/td><td>Hemer-Ihmert<\/td><td>0172-801 555 1<\/td><\/tr><tr><td>Schmit<\/td><td>Pascal<\/td><td>L-8391<\/td><td>Nospelt (Luxemburg)<\/td><td>00352-305551<\/td><\/tr><tr><td>Schneider<\/td><td>Wiegand<\/td><td>57258<\/td><td>Freudenberg<\/td><td>02734 &#8211; 27 450<\/td><\/tr><\/tbody><\/table><figcaption><br><\/figcaption><\/figure>\n\n\n\n<p><\/p>\n","protected":false},"excerpt":{"rendered":"<p>Dalmatiner-Rexe sind Rexe mit dem Fell der Punktschecken. Der Dalmatiner-Rex soll das Zeichnungsbild der Hunderasse Dalmatiner zeigen. Die punktuelle Scheckung sollte nach M\u00f6glichkeit mit mindestens 3 Punkten auf jeder K\u00f6rperseite vorhanden sein. Z\u00fcchter in unserem Club Nachname Vorname PLZ Wohnort Telefon Fromberg Harry 32657 Lemgo 05261-89066 Nickels Thierry L-4460 Soleuvre 00352-621 323 006 Pfeifer Christian [&hellip;]<\/p>\n","protected":false},"author":1,"featured_media":0,"parent":0,"menu_order":0,"comment_status":"closed","ping_status":"closed","template":"","meta":{"gtb_hide_title":false,"gtb_wrap_title":false,"gtb_class_title":"","gtb_remove_headerfooter":false,"footnotes":""},"_links":{"self":[{"href":"http:\/\/web.w664-rex-club-porta.de\/wordpress\/wp-json\/wp\/v2\/pages\/682"}],"collection":[{"href":"http:\/\/web.w664-rex-club-porta.de\/wordpress\/wp-json\/wp\/v2\/pages"}],"about":[{"href":"http:\/\/web.w664-rex-club-porta.de\/wordpress\/wp-json\/wp\/v2\/types\/page"}],"author":[{"embeddable":true,"href":"http:\/\/web.w664-rex-club-porta.de\/wordpress\/wp-json\/wp\/v2\/users\/1"}],"replies":[{"embeddable":true,"href":"http:\/\/web.w664-rex-club-porta.de\/wordpress\/wp-json\/wp\/v2\/comments?post=682"}],"version-history":[{"count":8,"href":"http:\/\/web.w664-rex-club-porta.de\/wordpress\/wp-json\/wp\/v2\/pages\/682\/revisions"}],"predecessor-version":[{"id":874,"href":"http:\/\/web.w664-rex-club-porta.de\/wordpress\/wp-json\/wp\/v2\/pages\/682\/revisions\/874"}],"wp:attachment":[{"href":"http:\/\/web.w664-rex-club-porta.de\/wordpress\/wp-json\/wp\/v2\/media?parent=682"}],"curies":[{"name":"wp","href":"https:\/\/api.w.org\/{rel}","templated":true}]}}