{"id":607,"date":"2020-07-27T22:41:26","date_gmt":"2020-07-27T20:41:26","guid":{"rendered":"http:\/\/web.w664-rex-club-porta.de\/wordpress\/?page_id=607"},"modified":"2020-07-27T23:01:08","modified_gmt":"2020-07-27T21:01:08","slug":"dalmatiner-rexe-dreifarbig-2","status":"publish","type":"page","link":"http:\/\/web.w664-rex-club-porta.de\/wordpress\/dalmatiner-rexe-dreifarbig-2\/","title":{"rendered":"Dalmatiner-Rexe dreifarbig"},"content":{"rendered":"\n<p>Dalmatiner-Rexe sind Rexe mit dem Fell der Punktschecken. Der Dalmatiner-Rex soll das Zeichnungsbild der Hunderasse Dalmatiner zeigen. Die punktuelle Scheckung sollte nach M\u00f6glichkeit mit mindestens 3 Punkten auf jeder K\u00f6rperseite vorhanden sein.<\/p>\n\n\n\n<div class=\"wp-block-group\"><div class=\"wp-block-group__inner-container is-layout-flow wp-block-group-is-layout-flow\">\n<div class=\"wp-block-buttons is-layout-flex wp-block-buttons-is-layout-flex\">\n<div class=\"wp-block-button\"><a class=\"wp-block-button__link has-text-color has-gtb-color-7-color has-background\" href=\"http:\/\/www.kaninchenrassen.info\/kaninchen\/kurzhaarrassen\/dalmatiner-rexe\/dalmatiner-rexe-dreifarbig.php\" style=\"background-color:#941010;border-radius:7px\" target=\"_blank\" rel=\"noreferrer noopener\">Rassebeschreibung<\/a><\/div>\n<\/div>\n<\/div><\/div>\n\n\n\n<h3 class=\"wp-block-heading\"><br>Z\u00fcchter in unserem Club<\/h3>\n\n\n\n<figure class=\"wp-block-table\"><table><tbody><tr><td><strong>Nachname<\/strong><\/td><td><strong>Vorname<\/strong><\/td><td><strong>PLZ<\/strong><\/td><td><strong>Wohnort<\/strong><\/td><td><strong>Telefon<\/strong><\/td><\/tr><tr><td>Kleine<\/td><td>Bernhard<\/td><td>32479<\/td><td>Hille<\/td><td>01516 &#8211; 46 53 404<\/td><\/tr><tr><td>St\u00fcwe<\/td><td>Volker<\/td><td>32657<\/td><td>Lemgo<\/td><td>0151-68188833<\/td><\/tr><\/tbody><\/table><figcaption><br><\/figcaption><\/figure>\n\n\n\n<p><\/p>\n","protected":false},"excerpt":{"rendered":"<p>Dalmatiner-Rexe sind Rexe mit dem Fell der Punktschecken. Der Dalmatiner-Rex soll das Zeichnungsbild der Hunderasse Dalmatiner zeigen. Die punktuelle Scheckung sollte nach M\u00f6glichkeit mit mindestens 3 Punkten auf jeder K\u00f6rperseite vorhanden sein. Z\u00fcchter in unserem Club Nachname Vorname PLZ Wohnort Telefon Kleine Bernhard 32479 Hille 01516 &#8211; 46 53 404 St\u00fcwe Volker 32657 Lemgo 0151-68188833<\/p>\n","protected":false},"author":1,"featured_media":0,"parent":0,"menu_order":0,"comment_status":"closed","ping_status":"closed","template":"","meta":{"gtb_hide_title":false,"gtb_wrap_title":false,"gtb_class_title":"","gtb_remove_headerfooter":false,"footnotes":""},"_links":{"self":[{"href":"http:\/\/web.w664-rex-club-porta.de\/wordpress\/wp-json\/wp\/v2\/pages\/607"}],"collection":[{"href":"http:\/\/web.w664-rex-club-porta.de\/wordpress\/wp-json\/wp\/v2\/pages"}],"about":[{"href":"http:\/\/web.w664-rex-club-porta.de\/wordpress\/wp-json\/wp\/v2\/types\/page"}],"author":[{"embeddable":true,"href":"http:\/\/web.w664-rex-club-porta.de\/wordpress\/wp-json\/wp\/v2\/users\/1"}],"replies":[{"embeddable":true,"href":"http:\/\/web.w664-rex-club-porta.de\/wordpress\/wp-json\/wp\/v2\/comments?post=607"}],"version-history":[{"count":5,"href":"http:\/\/web.w664-rex-club-porta.de\/wordpress\/wp-json\/wp\/v2\/pages\/607\/revisions"}],"predecessor-version":[{"id":613,"href":"http:\/\/web.w664-rex-club-porta.de\/wordpress\/wp-json\/wp\/v2\/pages\/607\/revisions\/613"}],"wp:attachment":[{"href":"http:\/\/web.w664-rex-club-porta.de\/wordpress\/wp-json\/wp\/v2\/media?parent=607"}],"curies":[{"name":"wp","href":"https:\/\/api.w.org\/{rel}","templated":true}]}}