{"id":556,"date":"2020-06-29T23:16:30","date_gmt":"2020-06-29T21:16:30","guid":{"rendered":"http:\/\/web.w664-rex-club-porta.de\/wordpress\/?page_id=556"},"modified":"2020-08-27T23:44:02","modified_gmt":"2020-08-27T21:44:02","slug":"blau-rexe","status":"publish","type":"page","link":"http:\/\/web.w664-rex-club-porta.de\/wordpress\/blau-rexe\/","title":{"rendered":"Blau-Rexe"},"content":{"rendered":"\n<p>Das blaue Fellhaar der Blau-Rexe entspricht vom Farbton her dem des Blauen Wieners. <\/p>\n\n\n\n<div class=\"wp-block-buttons is-layout-flex wp-block-buttons-is-layout-flex\">\n<div class=\"wp-block-button\"><a class=\"wp-block-button__link has-text-color has-background\" href=\"http:\/\/www.kaninchenrassen.info\/kaninchen\/kurzhaarrassen\/blau-rexe.php\" style=\"border-radius:4px;background-color:#941010;color:#ffffff\" target=\"_blank\" rel=\"noopener noreferrer\">Rassebeschreibung<\/a><\/div>\n<\/div>\n\n\n\n<div class=\"wp-block-buttons is-layout-flex wp-block-buttons-is-layout-flex\"><\/div>\n\n\n\n<h3 class=\"wp-block-heading\"><br>Z\u00fcchter in unserem Club<\/h3>\n\n\n\n<figure class=\"wp-block-table\"><table><tbody><tr><td><strong>Nachname<\/strong><\/td><td><strong>Vorname<\/strong><\/td><td><strong>PLZ<\/strong><\/td><td><strong>Wohnort<\/strong><\/td><td><strong>Telefon<\/strong><\/td><\/tr><tr><td>Jung<\/td><td>Sandra<\/td><td>33619<\/td><td>Bielefeld<\/td><td>0 15 78 &#8211; 81 877 98<\/td><\/tr><tr><td>Kr\u00f6ger<\/td><td>J\u00f6rg<\/td><td>59909<\/td><td>Bestwig-Andreasberg<\/td><td>0151-525 475 34<\/td><\/tr><tr><td>Westphal<\/td><td>Heinrich-Philipp<\/td><td>33442<\/td><td>Herzebrock-Clarholz<\/td><td>0160-6424154<\/td><\/tr><\/tbody><\/table><\/figure>\n\n\n\n<p><\/p>\n","protected":false},"excerpt":{"rendered":"<p>Das blaue Fellhaar der Blau-Rexe entspricht vom Farbton her dem des Blauen Wieners. Z\u00fcchter in unserem Club Nachname Vorname PLZ Wohnort Telefon Jung Sandra 33619 Bielefeld 0 15 78 &#8211; 81 877 98 Kr\u00f6ger J\u00f6rg 59909 Bestwig-Andreasberg 0151-525 475 34 Westphal Heinrich-Philipp 33442 Herzebrock-Clarholz 0160-6424154<\/p>\n","protected":false},"author":1,"featured_media":0,"parent":0,"menu_order":0,"comment_status":"closed","ping_status":"closed","template":"","meta":{"gtb_hide_title":false,"gtb_wrap_title":false,"gtb_class_title":"","gtb_remove_headerfooter":false,"footnotes":""},"_links":{"self":[{"href":"http:\/\/web.w664-rex-club-porta.de\/wordpress\/wp-json\/wp\/v2\/pages\/556"}],"collection":[{"href":"http:\/\/web.w664-rex-club-porta.de\/wordpress\/wp-json\/wp\/v2\/pages"}],"about":[{"href":"http:\/\/web.w664-rex-club-porta.de\/wordpress\/wp-json\/wp\/v2\/types\/page"}],"author":[{"embeddable":true,"href":"http:\/\/web.w664-rex-club-porta.de\/wordpress\/wp-json\/wp\/v2\/users\/1"}],"replies":[{"embeddable":true,"href":"http:\/\/web.w664-rex-club-porta.de\/wordpress\/wp-json\/wp\/v2\/comments?post=556"}],"version-history":[{"count":3,"href":"http:\/\/web.w664-rex-club-porta.de\/wordpress\/wp-json\/wp\/v2\/pages\/556\/revisions"}],"predecessor-version":[{"id":681,"href":"http:\/\/web.w664-rex-club-porta.de\/wordpress\/wp-json\/wp\/v2\/pages\/556\/revisions\/681"}],"wp:attachment":[{"href":"http:\/\/web.w664-rex-club-porta.de\/wordpress\/wp-json\/wp\/v2\/media?parent=556"}],"curies":[{"name":"wp","href":"https:\/\/api.w.org\/{rel}","templated":true}]}}