{"id":55,"date":"2020-04-16T21:21:25","date_gmt":"2020-04-16T19:21:25","guid":{"rendered":"http:\/\/web.w664-rex-club-porta.de\/wordpress\/?page_id=55"},"modified":"2020-04-22T08:51:08","modified_gmt":"2020-04-22T06:51:08","slug":"datenschutz","status":"publish","type":"page","link":"http:\/\/web.w664-rex-club-porta.de\/wordpress\/datenschutz\/","title":{"rendered":"Datenschutz"},"content":{"rendered":"\n<h1 class=\"wp-block-heading\">Datenschutzerkl\u00e4rung<\/h1>\n\n\n\n<p>Diese Datenschutzerkl\u00e4rung soll die Nutzer dieser Website \u00fcber die Art, den Umfang und den Zweck der Erhebung und Verwendung personenbezogener Daten durch die Betreiber dieser Website informieren.&nbsp;<\/p>\n\n\n\n<p>Betreiber dieser Website ist:<\/p>\n\n\n\n<p><strong>Rex-Club W664 Sektion Porta Westfalica e.V.<\/strong><\/p>\n\n\n\n<p>1. Vorsitzender:<br>Wolfgang Schmidt<br>Am Friedebrink&nbsp;5<br>32339&nbsp;Espelkamp<\/p>\n\n\n\n<p>Wir&nbsp;nehmen&nbsp;den Schutz Ihrer Daten sehr ernst und behandeln Ihre personenbezogenen Daten vertraulich und entsprechend der gesetzlichen Vorschriften.<\/p>\n\n\n\n<p>Da durch neue Technologien und die st\u00e4ndige Weiterentwicklung dieser Webseite \u00c4nderungen an dieser Datenschutzerkl\u00e4rung vorgenommen werden k\u00f6nnen, empfehlen wir Ihnen sich die Datenschutzerkl\u00e4rung in regelm\u00e4\u00dfigen Abst\u00e4nden wieder durchzulesen.<\/p>\n\n\n\n<p>Definitionen der verwendeten Begriffe (z.B. \u201cpersonenbezogene Daten\u201d oder \u201cVerarbeitung\u201d) finden Sie in Art. 4 DSGVO. Zugriffsdaten Wir, der Websitebetreiber bzw. Seitenprovider, erheben aufgrund unseres berechtigten Interesses (s. Art. 6 Abs. 1 lit. f. DSGVO) Daten \u00fcber Zugriffe auf die Website und speichern diese als \u201eServer-Logfiles\u201c auf dem Server der Website ab.<\/p>\n\n\n\n<p>Folgende Daten werden so protokolliert:<\/p>\n\n\n\n<p>\u2022 Besuchte Website<br>\u2022 Uhrzeit zum Zeitpunkt des Zugriffes<br>\u2022 Menge der gesendeten Daten in Byte<br>\u2022 Quelle\/Verweis, von welchem Sie auf die Seite gelangten<br>\u2022 Verwendeter Browser<br>\u2022 Verwendetes Betriebssystem<br>\u2022 Verwendete IP-Adresse<\/p>\n\n\n\n<p>Die Server-Logfiles werden f\u00fcr maximal 7 Tage gespeichert und anschlie\u00dfend gel\u00f6scht. Die Speicherung der Daten erfolgt aus Sicherheitsgr\u00fcnden, um z. B. Missbrauchsf\u00e4lle aufkl\u00e4ren zu k\u00f6nnen. M\u00fcssen Daten aus Beweisgr\u00fcnden aufgehoben werden, sind sie solange von der L\u00f6schung ausgenommen bis der Vorfall endg\u00fcltig gekl\u00e4rt ist.<\/p>\n\n\n\n<h4 class=\"wp-block-heading\">Reichweitenmessung &amp; Cookies<\/h4>\n\n\n\n<p>Diese Website verwendet Cookies zur pseudonymisierten Reichweitenmessung, die entweder von unserem Server oder dem Server Dritter an den Browser des Nutzers&nbsp; \u00fcbertragen werden. Bei Cookies handelt es sich um kleine Dateien, welche auf Ihrem Endger\u00e4t gespeichert werden. Ihr Browser greift auf diese Dateien zu. Durch den Einsatz von Cookies erh\u00f6ht sich die Benutzerfreundlichkeit und Sicherheit dieser Website.<\/p>\n\n\n\n<p>Falls Sie nicht m\u00f6chten, dass Cookies zur Reichweitenmessung auf Ihrem Endger\u00e4t gespeichert werden, k\u00f6nnen Sie dem Einsatz dieser Dateien hier widersprechen. G\u00e4ngige Browser bieten die Einstellungsoption, Cookies nicht zuzulassen.<\/p>\n\n\n\n<p><strong>Hinweis:<\/strong>&nbsp;Es ist nicht gew\u00e4hrleistet, dass Sie auf alle Funktionen dieser Website ohne Einschr\u00e4nkungen zugreifen k\u00f6nnen, wenn Sie entsprechende Einstellungen vornehmen.<\/p>\n\n\n\n<h4 class=\"wp-block-heading\"><br>Erfassung und Verarbeitung personenbezogener Daten<\/h4>\n\n\n\n<p>Der Websitebetreiber erhebt, nutzt und gibt Ihre personenbezogenen Daten nur dann weiter, wenn dies im gesetzlichen Rahmen erlaubt ist oder Sie in die Datenerhebung einwilligen. Als personenbezogene Daten gelten s\u00e4mtliche Informationen, welche dazu dienen, Ihre Person zu bestimmen und welche zu Ihnen zur\u00fcckverfolgt werden k\u00f6nnen \u2013 also beispielsweise Ihr Name, Ihre E-Mail-Adresse und Telefonnummer. Diese Website k\u00f6nnen Sie auch besuchen, ohne Angaben zu Ihrer Person zu machen.<\/p>\n\n\n\n<p>Zur Verbesserung unseres Online-Angebotes speichern wir jedoch (ohne Personenbezug) Ihre Zugriffsdaten auf diese Website. Zu diesen Zugriffsdaten geh\u00f6ren z. B. die von Ihnen angeforderte Datei oder der Name Ihres Internet-Providers. Durch die Anonymisierung der Daten sind R\u00fcckschl\u00fcsse auf Ihre Person nicht m\u00f6glich.<\/p>\n\n\n\n<h4 class=\"wp-block-heading\"><br>Umgang mit Kontaktdaten<\/h4>\n\n\n\n<p>Nehmen Sie mit uns als Websitebetreiber durch die angebotenen Kontaktm\u00f6glichkeiten Verbindung auf, werden Ihre Angaben gespeichert, damit auf diese zur Bearbeitung und Beantwortung Ihrer Anfrage zur\u00fcckgegriffen werden kann. Ohne Ihre Einwilligung werden diese Daten nicht an Dritte weitergegeben.<\/p>\n\n\n\n<p>Umgang mit Kommentaren und Beitr\u00e4gen Muster von datenschutz.org Hinterlassen Sie auf dieser Website einen Beitrag oder Kommentar, wird Ihre IP-Adresse gespeichert. Dies erfolgt aufgrund unserer berechtigten Interessen im Sinne des Art. 6 Abs. 1 lit. f. DSGVO und dient der Sicherheit von uns als Websitebetreiber: Denn sollte Ihr Kommentar gegen geltendes Recht versto\u00dfen, k\u00f6nnen wir daf\u00fcr belangt werden, weshalb wir ein Interesse an der Identit\u00e4t des Kommentar- bzw. Beitragsautors haben.<\/p>\n\n\n\n<h4 class=\"wp-block-heading\"><br>Google Analytics<\/h4>\n\n\n\n<p>Diese Website nutzt aufgrund unserer berechtigten Interessen zur Optimierung und Analyse unseres Online-Angebots im Sinne des Art. 6 Abs. 1 lit. f. DSGVO den Dienst \u201eGoogle Analytics\u201c, welcher von der Google Inc. (1600 Amphitheatre Parkway Mountain View, CA 94043, USA) angeboten wird.<\/p>\n\n\n\n<p>Der Dienst (Google Analytics) verwendet \u201eCookies\u201c \u2013 Textdateien, welche auf Ihrem Endger\u00e4t gespeichert werden. Die durch die Cookies gesammelten Informationen werden im Regelfall an einen Google-Server in den USA gesandt und dort gespeichert. Google LLC h\u00e4lt das europ\u00e4ische Datenschutzrecht ein und ist unter dem Privacy-ShieldAbkommen zertifiziert:&nbsp;<a href=\"https:\/\/www.privacyshield.gov\/participant?id=a2zt000000001L5AAI&amp;amp;status=Active\" target=\"_blank\" rel=\"noreferrer noopener\">www.privacyshield.gov\/participant<\/a>&nbsp;Auf dieser Website greift die IP-Anonymisierung. Die IP-Adresse der Nutzer wird innerhalb der Mitgliedsstaaten der EU und des Europ\u00e4ischen Wirtschaftsraum und in den anderen Vertragsstaaten des Abkommens gek\u00fcrzt. Nur in Einzelf\u00e4llen wird die IP-Adresse zun\u00e4chst ungek\u00fcrzt in die USA an einen Server von Google \u00fcbertragen und dort gek\u00fcrzt. Durch diese K\u00fcrzung entf\u00e4llt der Personenbezug Ihrer IP-Adresse. Die vom Browser \u00fcbermittelte IPAdresse des Nutzers wird nicht mit anderen von Google gespeicherten Daten kombiniert.<\/p>\n\n\n\n<p>Im Rahmen der Vereinbarung zur Auftragsdatenvereinbarung, welche wir als Websitebetreiber mit der Google Inc. geschlossen haben, erstellt diese mithilfe der gesammelten Informationen eine Auswertung der Websitenutzung und der Websiteaktivit\u00e4t und erbringt mit der Internetnutzung verbundene Dienstleistungen. Die von Google in unserem Auftrag erhobenen Daten werden genutzt, um die Nutzung unseres Online-Angebots durch die einzelnen Nutzer auswerten zu k\u00f6nnen, z. B. um Reports \u00fcber die Aktivit\u00e4t auf der Website zu erstellen, um unser Online-Angebot zu verbessern. Sie haben die M\u00f6glichkeit, die Speicherung der Cookies auf Ihrem Ger\u00e4t zu verhindern, indem Sie in Ihrem Browser entsprechende Einstellungen vornehmen. Es ist nicht gew\u00e4hrleistet, dass Sie auf alle Funktionen dieser Website ohne Einschr\u00e4nkungen zugreifen k\u00f6nnen, wenn Ihr Browser keine Cookies zul\u00e4sst.Alternativ verhindern Sie mit einem&nbsp;<a href=\"javascript:gaOptout()\">Klick auf diesen Link<\/a>, dass Google Analytics innerhalb dieser Website Daten \u00fcber Sie erfasst. Mit dem Klick auf obigen Link laden Sie ein \u201eOpt-Out-Cookie\u201c herunter. Ihr Browser muss die Speicherung von Cookies also hierzu grunds\u00e4tzlich erlauben. L\u00f6schen Sie Ihre Cookies regelm\u00e4\u00dfig, ist ein erneuter Klick auf den Link bei jedem Besuch dieser Website vonn\u00f6ten.<\/p>\n\n\n\n<p>Weiterhin k\u00f6nnen Sie durch ein Browser-Plugin verhindern, dass die durch Cookies gesammelten Informationen (inklusive Ihrer IP-Adresse) an die Google Inc. gesendet und von der Google Inc. genutzt werden.<\/p>\n\n\n\n<p>Folgender Link f\u00fchrt Sie zu dem entsprechenden Plugin:&nbsp;<a href=\"https:\/\/tools.google.com\/dlpage\/gaoptout?hl=de\" target=\"_blank\" rel=\"noreferrer noopener\">https:\/\/tools.google.com\/dlpage\/gaoptout?hl=de<\/a><\/p>\n\n\n\n<p>Hier finden Sie weitere Informationen zur Datennutzung durch die Google Inc.:<\/p>\n\n\n\n<p>\u2022&nbsp;<a href=\"https:\/\/policies.google.com\/privacy\/partners?hl=de\" target=\"_blank\" rel=\"noreferrer noopener\">https:\/\/policies.google.com\/privacy\/partners?hl=de<\/a>&nbsp;(Daten, die von GooglePartnern erhoben werden)<\/p>\n\n\n\n<p>\u2022&nbsp;<a href=\"https:\/\/adssettings.google.de\/authenticated\" target=\"_blank\" rel=\"noreferrer noopener\">https:\/\/adssettings.google.de\/authenticated<\/a>&nbsp;(Einstellungen \u00fcber Werbung, die Ihnen angezeigt wird)<\/p>\n\n\n\n<p>\u2022&nbsp;<a href=\"https:\/\/policies.google.com\/technologies\/ads?hl=de\" target=\"_blank\" rel=\"noreferrer noopener\">https:\/\/policies.google.com\/technologies\/ads?hl=de<\/a>&nbsp;(Verwendung von Cookies in Anzeigen)<\/p>\n\n\n\n<h3 class=\"wp-block-heading\">Verlinkung Social-Media \u00fcber Grafik oder Textlink<\/h3>\n\n\n\n<p>Wir bewerben auf unserer Webseite auch Pr\u00e4senzen auf den nachstehend aufgef\u00fchrten sozialen Netzwerken. Die Einbindung erfolgt dabei \u00fcber eine verlinkte Grafik des jeweiligen Netzwerks. Durch den Einsatz dieser verlinkten Grafik wird verhindert, dass es bei dem Aufruf einer Website, die \u00fcber eine Social-Media-Bewerbung verf\u00fcgt, automatisch zu einem Verbindungsaufbau zum jeweiligen Server des sozialen Netzwerks kommt, um eine Grafik des jeweiligen Netzwerkes selbst darzustellen. Erst durch einen Klick auf die entsprechende Grafik wird der Nutzer zu dem Dienst des jeweiligen sozialen Netzwerks weitergeleitet.<\/p>\n\n\n\n<p>Nach der Weiterleitung des Nutzers werden durch das jeweilige Netzwerk Informationen \u00fcber den Nutzer erfasst. Es kann hierbei nicht ausgeschlossen werden, dass eine Verarbeitung der so erhobenen&nbsp; Daten in den USA stattfindet.<\/p>\n\n\n\n<p>Dies sind zun\u00e4chst Daten wie IP-Adresse, Datum, Uhrzeit und besuchte Seite. Ist der Nutzer w\u00e4hrenddessen in seinem Benutzerkonto des jeweiligen Netzwerks eingeloggt, kann der Netzwerk-Betreiber ggf. die gesammelten Informationen des konkreten Besuchs des Nutzers dem pers\u00f6nlichen Account des Nutzers zuordnen. Interagiert der Nutzer \u00fcber einen \u201eTeilen\u201c-Button des jeweiligen Netzwerks, k\u00f6nnen diese Informationen in dem pers\u00f6nlichen Benutzerkonto des Nutzers gespeichert und ggf. ver\u00f6ffentlicht werden. Will der Nutzer verhindern, dass die gesammelten Informationen unmittelbar seinem Benutzerkonto zugeordnet werden, muss er sich vor dem Anklicken der Grafik ausloggen. Zudem besteht die M\u00f6glichkeit, das jeweilige Benutzerkonto entsprechend zu konfigurieren.<\/p>\n\n\n\n<p><\/p>\n\n\n\n<h4 class=\"wp-block-heading\">Rechte des Nutzers<\/h4>\n\n\n\n<p>Sie haben als Nutzer das Recht, auf Antrag eine kostenlose Auskunft dar\u00fcber zu erhalten, welche personenbezogenen Daten \u00fcber Sie gespeichert wurden. Sie haben au\u00dferdem das Recht auf Berichtigung falscher Daten und auf die Verarbeitungseinschr\u00e4nkung oder L\u00f6schung Ihrer personenbezogenen Daten. Falls zutreffend, k\u00f6nnen Sie auch Ihr Recht auf Datenportabilit\u00e4t geltend machen. Sollten Sie annehmen, dass Ihre Daten unrechtm\u00e4\u00dfig verarbeitet wurden, k\u00f6nnen Sie eine Beschwerde bei der zust\u00e4ndigen Aufsichtsbeh\u00f6rde einreichen.<\/p>\n\n\n\n<h4 class=\"wp-block-heading\">L\u00f6schung von Daten<\/h4>\n\n\n\n<p>Sofern Ihr Wunsch nicht mit einer gesetzlichen Pflicht zur Aufbewahrung von Daten (z. B. Vorratsdatenspeicherung) kollidiert, haben Sie ein Anrecht auf L\u00f6schung Ihrer Daten. Von uns gespeicherte Daten werden, sollten sie f\u00fcr ihre Zweckbestimmung nicht mehr vonn\u00f6ten sein und es keine gesetzlichen Aufbewahrungsfristen geben, gel\u00f6scht. Falls eine L\u00f6schung nicht durchgef\u00fchrt werden kann, da die Daten f\u00fcr zul\u00e4ssige gesetzliche Zwecke erforderlich sind, erfolgt eine Einschr\u00e4nkung der Datenverarbeitung. In diesem Fall werden die Daten gesperrt und nicht f\u00fcr andere Zwecke verarbeitet.<\/p>\n\n\n\n<h4 class=\"wp-block-heading\">Widerspruchsrecht<\/h4>\n\n\n\n<p>Nutzer dieser Webseite k\u00f6nnen von ihrem Widerspruchsrecht Gebrauch machen und der Verarbeitung ihrer personenbezogenen Daten zu jeder Zeit widersprechen.Wenn Sie eine Berichtigung, Sperrung, L\u00f6schung oder Auskunft \u00fcber die zu Ihrer Person gespeicherten personenbezogenen Daten w\u00fcnschen oder Fragen bzgl. der Erhebung, Verarbeitung oder Verwendung Ihrer personenbezogenen Daten haben oder erteilte Einwilligungen widerrufen m\u00f6chten, wenden Sie sich bitte an folgende E-Mail-Adresse: <a href=\"mailto:info@w664-rex-club-porta.de\">info@w664-rex-club-porta.de<\/a><\/p>\n","protected":false},"excerpt":{"rendered":"<p>Datenschutzerkl\u00e4rung Diese Datenschutzerkl\u00e4rung soll die Nutzer dieser Website \u00fcber die Art, den Umfang und den Zweck der Erhebung und Verwendung personenbezogener Daten durch die Betreiber dieser Website informieren.&nbsp; Betreiber dieser Website ist: Rex-Club W664 Sektion Porta Westfalica e.V. 1. Vorsitzender:Wolfgang SchmidtAm Friedebrink&nbsp;532339&nbsp;Espelkamp Wir&nbsp;nehmen&nbsp;den Schutz Ihrer Daten sehr ernst und behandeln Ihre personenbezogenen Daten vertraulich und [&hellip;]<\/p>\n","protected":false},"author":1,"featured_media":0,"parent":0,"menu_order":0,"comment_status":"closed","ping_status":"closed","template":"","meta":{"gtb_hide_title":false,"gtb_wrap_title":false,"gtb_class_title":"","gtb_remove_headerfooter":false,"footnotes":""},"_links":{"self":[{"href":"http:\/\/web.w664-rex-club-porta.de\/wordpress\/wp-json\/wp\/v2\/pages\/55"}],"collection":[{"href":"http:\/\/web.w664-rex-club-porta.de\/wordpress\/wp-json\/wp\/v2\/pages"}],"about":[{"href":"http:\/\/web.w664-rex-club-porta.de\/wordpress\/wp-json\/wp\/v2\/types\/page"}],"author":[{"embeddable":true,"href":"http:\/\/web.w664-rex-club-porta.de\/wordpress\/wp-json\/wp\/v2\/users\/1"}],"replies":[{"embeddable":true,"href":"http:\/\/web.w664-rex-club-porta.de\/wordpress\/wp-json\/wp\/v2\/comments?post=55"}],"version-history":[{"count":5,"href":"http:\/\/web.w664-rex-club-porta.de\/wordpress\/wp-json\/wp\/v2\/pages\/55\/revisions"}],"predecessor-version":[{"id":338,"href":"http:\/\/web.w664-rex-club-porta.de\/wordpress\/wp-json\/wp\/v2\/pages\/55\/revisions\/338"}],"wp:attachment":[{"href":"http:\/\/web.w664-rex-club-porta.de\/wordpress\/wp-json\/wp\/v2\/media?parent=55"}],"curies":[{"name":"wp","href":"https:\/\/api.w.org\/{rel}","templated":true}]}}