{"id":37,"date":"2020-04-16T21:17:08","date_gmt":"2020-04-16T19:17:08","guid":{"rendered":"http:\/\/web.w664-rex-club-porta.de\/wordpress\/?page_id=37"},"modified":"2020-04-17T22:42:47","modified_gmt":"2020-04-17T20:42:47","slug":"ueber-uns","status":"publish","type":"page","link":"http:\/\/web.w664-rex-club-porta.de\/wordpress\/ueber-uns\/","title":{"rendered":"\u00dcber uns"},"content":{"rendered":"\n<h2 class=\"wp-block-heading\">Kurzchronik<\/h2>\n\n\n\n<p>Am 14. M\u00e4rz 1982 trafen sich 8 Rassekaninchenz\u00fcchter\/in die insbesondere die Liebe zum Kurzhaarkaninchen, dem Rex-Kaninchen, verband. Um die Zucht der Rexkaninchenrassen in der Region zu f\u00f6rdern, beschlossen sie einen Rex-Club zu gr\u00fcnden.&nbsp;<strong>Gr\u00fcndungsmitglieder<\/strong>&nbsp;waren:<\/p>\n\n\n\n<p>Anneliese Stellhorn, Josef Kasten, Harald Kler, Helmut Knipping, Heinrich Meier, Manfred M\u00f6hlmann, Joseph Schlamann und Horst Witting.<\/p>\n\n\n\n<p>In den<strong>&nbsp;ersten Vorstand<\/strong>&nbsp;wurden damals folgende Gr\u00fcndungsmitglieder gew\u00e4hlt:<\/p>\n\n\n\n<p>Manfred M\u00f6hlmann, 1. Vorsitzender;<br>Joseph Schlamann, 2. Vorsitzender;<br>Heinrich Meier, 1. Schriftf\u00fchrer;<br>Josef Kasten, 1. Kassierer;<br>Manfred M\u00f6hlmann, 2. Kassierer;<br>Horst Witting, Zuchtwerbewart.<\/p>\n\n\n\n<p>Beim Kreisverband Minden wurde schlie\u00dflich die Registrierung und Aufnahme beantragt. Mit Schreiben vom 31. M\u00e4rz 1982 erteilte der Landesverband Westfalen die Gr\u00fcndungsgenehmigung und wies dem Club die Nummer W 664 zu. Nun begann die Arbeit im Club. Rasch wuchs die Mitgliederzahl um 2 weitere Mitglieder. So konnten wir in der Jahresmeldung 1982 bereits auf 10 Mitglieder verweisen. Der Club wurde schlie\u00dflich auch Mitglied in der &#8222;Arbeitsgemeinschaft Deutscher Rexz\u00fcchter Clubs&#8220;. In den folgenden Jahren entwickelte sich der Club zum&nbsp;zeitweise gar&nbsp;mitgliederst\u00e4rksten im Landesverband mit&nbsp;heute&nbsp;auch noch&nbsp;knapp 40 Mitgliedern.&nbsp;1999 erfolgte die Aufnahme des Rex-Clubs in das Vereinsregister als eingetragener Verein.<\/p>\n\n\n\n<p>Nach seiner Gr\u00fcndung entwickelte der Club, neben seinen Zuchtaufgaben, auch eine rege Ausstellungst\u00e4tigkeit. Die j\u00e4hrliche Clubschau ist einer der Jahresh\u00f6hepunkte. In Zusammenarbeit mit dem Rassekaninchenzuchtverein W 90 wurde und wird auch die Wiehengebirgsrammler- und h\u00e4sinnenschau durchgef\u00fchrt. Im Laufe der Jahre hat der Club auch mehrmals die Kreisschau durchgef\u00fchrt. Aufgrund unserer Leistungsst\u00e4rke beauftragte die &#8222;ADRC&#8220; den Club die ADRC-Schau 1994 durchzuf\u00fchren. Die Schau wurde ein gro\u00dfer Erfolg des Clubs und ein Aush\u00e4ngeschild f\u00fcr unseren Kreisverband und unsere Region. So wurden \u00fcber 1500 Rex-Kaninchen von Z\u00fcchtern aus dem gesamten Bundesgebiet ausgestellt. Noch heute erinnert man sich in Rexz\u00fcchterkreisen gerne und dankbar an dieses Highlight.<\/p>\n\n\n\n<p>Im Jahr 2007 konnten wir unser erstes Jubil\u00e4um anl\u00e4sslich des 25j\u00e4hrigen Clubbestehens feiern.<\/p>\n\n\n\n<p>Mehrere unserer Clubmitglieder arbeiteten j\u00fcngst bei der Herausz\u00fcchtung wie auch Anerkennung weiterer Rex-Farbenschl\u00e4ge in den ZDRK-Standard mit, wie zuletzt der Klein-Rexe castorfarbig, luxfarbig, dalmatiner schwarz-wei\u00df und dalmatiner dreifarbig sowie federf\u00fchrend auch der Zwerg-Rexe japanerfarbig. Aktuell werden \u00fcberdies Klein-Rexe blau, Klein-Rexe schwarz und nach etwaiger Zulassung voraussichtlich auch Klein-Rexe k\u00f6nigsmantelgescheckt (kms) blau-gelb-wei\u00df bzw. k\u00f6nigsmantelgescheckt (kms) havanna-gelb-wei\u00df gez\u00fcchtet.<\/p>\n\n\n\n<p>Regelm\u00e4\u00dfige&nbsp;Erfolge auf&nbsp;Lokal-, \u00fcberregionalen,&nbsp;Landes-, Bundes- und Europa-Schauen wie&nbsp;auch zahlreiche Titel als&nbsp;Landesmeister, Bundessieger, Deutscher Meister, ADRC-Sieger&nbsp;bzw. ADRC-Meister, Europameister etc. zeugen vom&nbsp;anhaltend&nbsp;hohen z\u00fcchterischen&nbsp;Niveau unserer&nbsp;Clubzuchten.<\/p>\n","protected":false},"excerpt":{"rendered":"<p>Kurzchronik Am 14. M\u00e4rz 1982 trafen sich 8 Rassekaninchenz\u00fcchter\/in die insbesondere die Liebe zum Kurzhaarkaninchen, dem Rex-Kaninchen, verband. Um die Zucht der Rexkaninchenrassen in der Region zu f\u00f6rdern, beschlossen sie einen Rex-Club zu gr\u00fcnden.&nbsp;Gr\u00fcndungsmitglieder&nbsp;waren: Anneliese Stellhorn, Josef Kasten, Harald Kler, Helmut Knipping, Heinrich Meier, Manfred M\u00f6hlmann, Joseph Schlamann und Horst Witting. In den&nbsp;ersten Vorstand&nbsp;wurden damals [&hellip;]<\/p>\n","protected":false},"author":1,"featured_media":0,"parent":0,"menu_order":0,"comment_status":"closed","ping_status":"closed","template":"","meta":{"gtb_hide_title":false,"gtb_wrap_title":false,"gtb_class_title":"","gtb_remove_headerfooter":false,"footnotes":""},"_links":{"self":[{"href":"http:\/\/web.w664-rex-club-porta.de\/wordpress\/wp-json\/wp\/v2\/pages\/37"}],"collection":[{"href":"http:\/\/web.w664-rex-club-porta.de\/wordpress\/wp-json\/wp\/v2\/pages"}],"about":[{"href":"http:\/\/web.w664-rex-club-porta.de\/wordpress\/wp-json\/wp\/v2\/types\/page"}],"author":[{"embeddable":true,"href":"http:\/\/web.w664-rex-club-porta.de\/wordpress\/wp-json\/wp\/v2\/users\/1"}],"replies":[{"embeddable":true,"href":"http:\/\/web.w664-rex-club-porta.de\/wordpress\/wp-json\/wp\/v2\/comments?post=37"}],"version-history":[{"count":2,"href":"http:\/\/web.w664-rex-club-porta.de\/wordpress\/wp-json\/wp\/v2\/pages\/37\/revisions"}],"predecessor-version":[{"id":192,"href":"http:\/\/web.w664-rex-club-porta.de\/wordpress\/wp-json\/wp\/v2\/pages\/37\/revisions\/192"}],"wp:attachment":[{"href":"http:\/\/web.w664-rex-club-porta.de\/wordpress\/wp-json\/wp\/v2\/media?parent=37"}],"curies":[{"name":"wp","href":"https:\/\/api.w.org\/{rel}","templated":true}]}}